{"id":26,"date":"2022-03-20T21:55:16","date_gmt":"2022-03-20T21:55:16","guid":{"rendered":"http:\/\/www.zeynepbusrabilgin.av.tr\/?page_id=26"},"modified":"2022-03-20T22:06:39","modified_gmt":"2022-03-20T22:06:39","slug":"dilekce-ornekleri","status":"publish","type":"page","link":"http:\/\/www.zeynepbusrabilgin.av.tr\/?page_id=26","title":{"rendered":"D\u0130LEK\u00c7E \u00d6RNEKLER\u0130"},"content":{"rendered":"","protected":false},"excerpt":{"rendered":"","protected":false},"author":1,"featured_media":0,"parent":0,"menu_order":4,"comment_status":"closed","ping_status":"closed","template":"","meta":{"footnotes":""},"class_list":["post-26","page","type-page","status-publish","hentry"],"_links":{"self":[{"href":"http:\/\/www.zeynepbusrabilgin.av.tr\/index.php?rest_route=\/wp\/v2\/pages\/26","targetHints":{"allow":["GET"]}}],"collection":[{"href":"http:\/\/www.zeynepbusrabilgin.av.tr\/index.php?rest_route=\/wp\/v2\/pages"}],"about":[{"href":"http:\/\/www.zeynepbusrabilgin.av.tr\/index.php?rest_route=\/wp\/v2\/types\/page"}],"author":[{"embeddable":true,"href":"http:\/\/www.zeynepbusrabilgin.av.tr\/index.php?rest_route=\/wp\/v2\/users\/1"}],"replies":[{"embeddable":true,"href":"http:\/\/www.zeynepbusrabilgin.av.tr\/index.php?rest_route=%2Fwp%2Fv2%2Fcomments&post=26"}],"version-history":[{"count":2,"href":"http:\/\/www.zeynepbusrabilgin.av.tr\/index.php?rest_route=\/wp\/v2\/pages\/26\/revisions"}],"predecessor-version":[{"id":57,"href":"http:\/\/www.zeynepbusrabilgin.av.tr\/index.php?rest_route=\/wp\/v2\/pages\/26\/revisions\/57"}],"wp:attachment":[{"href":"http:\/\/www.zeynepbusrabilgin.av.tr\/index.php?rest_route=%2Fwp%2Fv2%2Fmedia&parent=26"}],"curies":[{"name":"wp","href":"https:\/\/api.w.org\/{rel}","templated":true}]}}