{"id":28,"date":"2022-03-20T21:55:16","date_gmt":"2022-03-20T21:55:16","guid":{"rendered":"http:\/\/www.zeynepbusrabilgin.av.tr\/?page_id=28"},"modified":"2022-03-20T22:21:30","modified_gmt":"2022-03-20T22:21:30","slug":"iletisim","status":"publish","type":"page","link":"http:\/\/www.zeynepbusrabilgin.av.tr\/?page_id=28","title":{"rendered":"\u0130LET\u0130\u015e\u0130M"},"content":{"rendered":"\n<p><strong>Av. Zeynep B\u00fc\u015fra Bilgin<\/strong><\/p>\n\n\n\n<p><strong>Adres: <\/strong>An\u0131ttepe Mahallesi, Gazi Mustafa Kemal Bulvar\u0131, No:95\/4, \u00c7ankaya\/ ANKARA<\/p>\n\n\n\n<p><strong>\u0130\u015f Telefonu:<\/strong> 0312 229 22 16<\/p>\n\n\n\n<p><strong>Cep Telefonu: <\/strong>05075259259<\/p>\n\n\n\n<p><strong>e<\/strong>&#8211;<strong>mail adresi: <\/strong><a href=\"mailto:bilginzeynepbusra@gmail.com\">bilginzeynepbusra@gmail.com<\/a><\/p>\n\n\n\n<p><strong>Twitter: <\/strong><a href=\"https:\/\/twitter.com\/zeynebusrayavuz\" data-type=\"URL\" data-id=\"https:\/\/twitter.com\/zeynebusrayavuz\">https:\/\/twitter.com\/zeynebusrayavuz<\/a><\/p>\n\n\n\n<p><strong>Youtube:<\/strong> <a href=\"https:\/\/www.youtube.com\/channel\/UCeDQbYxf-hahP2jDP27tTCw\" data-type=\"URL\" data-id=\"https:\/\/www.youtube.com\/channel\/UCeDQbYxf-hahP2jDP27tTCw\">https:\/\/www.youtube.com\/channel\/UCeDQbYxf-hahP2jDP27tTCw<\/a><\/p>\n\n\n\n<p>Online Randevu Formu&nbsp;<\/p>\n","protected":false},"excerpt":{"rendered":"<p>Av. Zeynep B\u00fc\u015fra Bilgin Adres: An\u0131ttepe Mahallesi, Gazi Mustafa Kemal Bulvar\u0131, No:95\/4, \u00c7ankaya\/ ANKARA \u0130\u015f Telefonu: 0312 229 22 16 Cep Telefonu: 05075259259 e&#8211;mail adresi: bilginzeynepbusra@gmail.com Twitter: https:\/\/twitter.com\/zeynebusrayavuz Youtube: https:\/\/www.youtube.com\/channel\/UCeDQbYxf-hahP2jDP27tTCw Online Randevu Formu&nbsp;<\/p>\n","protected":false},"author":1,"featured_media":0,"parent":0,"menu_order":6,"comment_status":"closed","ping_status":"closed","template":"","meta":{"footnotes":""},"class_list":["post-28","page","type-page","status-publish","hentry"],"_links":{"self":[{"href":"http:\/\/www.zeynepbusrabilgin.av.tr\/index.php?rest_route=\/wp\/v2\/pages\/28","targetHints":{"allow":["GET"]}}],"collection":[{"href":"http:\/\/www.zeynepbusrabilgin.av.tr\/index.php?rest_route=\/wp\/v2\/pages"}],"about":[{"href":"http:\/\/www.zeynepbusrabilgin.av.tr\/index.php?rest_route=\/wp\/v2\/types\/page"}],"author":[{"embeddable":true,"href":"http:\/\/www.zeynepbusrabilgin.av.tr\/index.php?rest_route=\/wp\/v2\/users\/1"}],"replies":[{"embeddable":true,"href":"http:\/\/www.zeynepbusrabilgin.av.tr\/index.php?rest_route=%2Fwp%2Fv2%2Fcomments&post=28"}],"version-history":[{"count":2,"href":"http:\/\/www.zeynepbusrabilgin.av.tr\/index.php?rest_route=\/wp\/v2\/pages\/28\/revisions"}],"predecessor-version":[{"id":40,"href":"http:\/\/www.zeynepbusrabilgin.av.tr\/index.php?rest_route=\/wp\/v2\/pages\/28\/revisions\/40"}],"wp:attachment":[{"href":"http:\/\/www.zeynepbusrabilgin.av.tr\/index.php?rest_route=%2Fwp%2Fv2%2Fmedia&parent=28"}],"curies":[{"name":"wp","href":"https:\/\/api.w.org\/{rel}","templated":true}]}}