{"id":3,"date":"2022-03-20T20:03:24","date_gmt":"2022-03-20T20:03:24","guid":{"rendered":"http:\/\/www.zeynepbusrabilgin.av.tr\/?page_id=3"},"modified":"2022-03-20T21:59:11","modified_gmt":"2022-03-20T21:59:11","slug":"privacy-policy","status":"publish","type":"page","link":"http:\/\/www.zeynepbusrabilgin.av.tr\/?page_id=3","title":{"rendered":"\u00c7ALI\u015eMA ALANLARI"},"content":{"rendered":"\n<h4 class=\"wp-block-heading\">CEZA HUKUKU<\/h4>\n\n\n\n<h4 class=\"wp-block-heading\">TAZM\u0130NAT HUKUKU<\/h4>\n\n\n\n<h4 class=\"wp-block-heading\">F\u0130KR\u0130 VE S\u0130NA\u0130 M\u00dcLK\u0130YET HUKUKU <\/h4>\n\n\n\n<h4 class=\"wp-block-heading\">SA\u011eLIK HUKUKU <\/h4>\n\n\n\n<h4 class=\"wp-block-heading\">A\u0130LE HUKUKU <\/h4>\n\n\n\n<h4 class=\"wp-block-heading\">S\u00d6ZLE\u015eME HUKUKU <\/h4>\n\n\n\n<h4 class=\"wp-block-heading\">T\u0130CARET HUKUKU <\/h4>\n\n\n\n<h4 class=\"wp-block-heading\">GAYR\u0130MENKUL HUKUKU <\/h4>\n\n\n\n<h4 class=\"wp-block-heading\">\u0130\u015e HUKUKU <\/h4>\n\n\n\n<h4 class=\"wp-block-heading\">M\u0130RAS HUKUKU <\/h4>\n\n\n\n<h4 class=\"wp-block-heading\">KAMULA\u015eTIRMA HUKUKU <\/h4>\n\n\n\n<h4 class=\"wp-block-heading\">YABANCILAR HUKUKU <\/h4>\n\n\n\n<h4 class=\"wp-block-heading\">\u0130DARE HUKUKU<\/h4>\n","protected":false},"excerpt":{"rendered":"<p>CEZA HUKUKU TAZM\u0130NAT HUKUKU F\u0130KR\u0130 VE S\u0130NA\u0130 M\u00dcLK\u0130YET HUKUKU SA\u011eLIK HUKUKU A\u0130LE HUKUKU S\u00d6ZLE\u015eME HUKUKU T\u0130CARET HUKUKU GAYR\u0130MENKUL HUKUKU \u0130\u015e HUKUKU M\u0130RAS HUKUKU KAMULA\u015eTIRMA HUKUKU YABANCILAR HUKUKU \u0130DARE HUKUKU<\/p>\n","protected":false},"author":1,"featured_media":0,"parent":0,"menu_order":2,"comment_status":"closed","ping_status":"closed","template":"","meta":{"footnotes":""},"class_list":["post-3","page","type-page","status-publish","hentry"],"_links":{"self":[{"href":"http:\/\/www.zeynepbusrabilgin.av.tr\/index.php?rest_route=\/wp\/v2\/pages\/3","targetHints":{"allow":["GET"]}}],"collection":[{"href":"http:\/\/www.zeynepbusrabilgin.av.tr\/index.php?rest_route=\/wp\/v2\/pages"}],"about":[{"href":"http:\/\/www.zeynepbusrabilgin.av.tr\/index.php?rest_route=\/wp\/v2\/types\/page"}],"author":[{"embeddable":true,"href":"http:\/\/www.zeynepbusrabilgin.av.tr\/index.php?rest_route=\/wp\/v2\/users\/1"}],"replies":[{"embeddable":true,"href":"http:\/\/www.zeynepbusrabilgin.av.tr\/index.php?rest_route=%2Fwp%2Fv2%2Fcomments&post=3"}],"version-history":[{"count":2,"href":"http:\/\/www.zeynepbusrabilgin.av.tr\/index.php?rest_route=\/wp\/v2\/pages\/3\/revisions"}],"predecessor-version":[{"id":23,"href":"http:\/\/www.zeynepbusrabilgin.av.tr\/index.php?rest_route=\/wp\/v2\/pages\/3\/revisions\/23"}],"wp:attachment":[{"href":"http:\/\/www.zeynepbusrabilgin.av.tr\/index.php?rest_route=%2Fwp%2Fv2%2Fmedia&parent=3"}],"curies":[{"name":"wp","href":"https:\/\/api.w.org\/{rel}","templated":true}]}}