{"id":45,"date":"2022-03-20T22:32:44","date_gmt":"2022-03-20T22:32:44","guid":{"rendered":"http:\/\/www.zeynepbusrabilgin.av.tr\/?page_id=45"},"modified":"2022-03-20T22:38:11","modified_gmt":"2022-03-20T22:38:11","slug":"anlasmali-bosanma-dava-dilekcesi-ornegi","status":"publish","type":"page","link":"http:\/\/www.zeynepbusrabilgin.av.tr\/?page_id=45","title":{"rendered":"ANLA\u015eMALI BO\u015eANMA DAVA D\u0130LEK\u00c7ES\u0130 \u00d6RNE\u011e\u0130"},"content":{"rendered":"\n<p class=\"has-text-align-center\"><strong>&#8230;&#8230;&#8230;&#8230;&#8230;&#8230;&#8230;. N\u00d6BET\u00c7\u0130 A\u0130LE MAHKEMES\u0130NE<\/strong><\/p>\n\n\n\n<p><strong>DAVACI <\/strong>: &#8230;&#8230;&#8230;&#8230;&#8230;&#8230;&#8230;.(T.C. )<\/p>\n\n\n\n<p><strong>Adres <\/strong>: &#8230;&#8230;&#8230;&#8230;&#8230;&#8230;&#8230;&#8230;&#8230;&#8230;&#8230;&#8230;&#8230;&#8230;&#8230;&#8230;&#8230;..<\/p>\n\n\n\n<p><strong>VEK\u0130L\u0130 <\/strong>: Av. Zeynep B\u00fc\u015fra B\u0130LG\u0130N<\/p>\n\n\n\n<p>&nbsp; &nbsp; &nbsp; &nbsp; &nbsp; &nbsp; &nbsp; &nbsp; &nbsp; &nbsp; &nbsp; &nbsp; GMK Bulvar\u0131 No:95\/4 Maltepe\/\u00c7ankaya\/ANKARA<\/p>\n\n\n\n<p><strong>DAVALI <\/strong>: &#8230;&#8230;&#8230;&#8230;&#8230;. ( T.C. )<\/p>\n\n\n\n<p><strong>Adres<\/strong> : &#8230;&#8230;&#8230;&#8230;&#8230;&#8230;<\/p>\n\n\n\n<p><strong>KONU<\/strong>\u00a0 : Evlilik Birli\u011finin Temelinden Sars\u0131lmas\u0131 Nedeniyle Anla\u015fmal\u0131 Bo\u015fanma Talebimizdir.<\/p>\n\n\n\n<p><strong>A\u00c7IKLAMALAR<\/strong> :<\/p>\n\n\n\n<p>1)&nbsp;M\u00fcvekkil &#8230;&#8230;. ile &#8230;&#8230;&#8230;&#8230;. &#8230;&#8230;&#8230;&#8230; tarihinde &#8230;&#8230; Belediyesi evlendirme memurlu\u011funda evlenmi\u015f olup taraflar\u0131n bu evliliklerinden m\u00fc\u015fterek \u00e7ocuklar\u0131 bulunmamaktad\u0131r.&nbsp;<\/p>\n\n\n\n<p>2)&nbsp;Taraflar aras\u0131nda olu\u015fan ve evlilik s\u00fcresince devaml\u0131 artan \u015fiddetli ge\u00e7imsizlik nedeniyle evlilik birli\u011fi temelinden sars\u0131lm\u0131\u015f olup, m\u00fcvekkil taraf ile daval\u0131 taraf bo\u015fanma konusunda ortak karar alm\u0131\u015flard\u0131r. Al\u0131nan karar neticesinde taraflar\u0131n kendi aralar\u0131nda \u00fczerinde mutab\u0131k kald\u0131klar\u0131 ve ekte sunulan protokol \u015fartlar\u0131 dahilinde bo\u015fanmak konusunda anla\u015fm\u0131\u015flard\u0131r.(EK-1)<\/p>\n\n\n\n<p>Ekte sunulan protokolde de belirtildi\u011fi \u00fczere taraflar\u0131n birbirlerinden yoksulluk nafakas\u0131, maddi- manevi tazminat, katk\u0131 pay\u0131, kat\u0131l\u0131m, kat\u0131lma alaca\u011f\u0131, de\u011fer art\u0131\u015f pay\u0131 alaca\u011f\u0131, ziynet e\u015fyas\u0131 ve sair talepleri yoktur.<\/p>\n\n\n\n<p>3)&nbsp;Taraflar\u0131n evlilik birli\u011fi i\u00e7erisinde &#8230;.. plaka numaral\u0131 &#8230;&#8230;. Model\/ marka ara\u00e7 alm\u0131\u015flard\u0131r. Taraflar bu arac\u0131n m\u00fcvekkil &#8230;&#8230;&#8230;.\u2019 ya b\u0131rak\u0131laca\u011f\u0131 hususunda anla\u015fm\u0131\u015flard\u0131r.<\/p>\n\n\n\n<p>Ayr\u0131ca evlilik birli\u011fi i\u00e7erisinde edinilmi\u015f ve aile konutunda bulunan e\u015fyalar\u0131n taraflarca ne \u015fekilde payla\u015f\u0131laca\u011f\u0131 da protokolde belirtilmi\u015ftir. Buna g\u00f6re ev e\u015fyalar\u0131 m\u00fcvekkil &#8230;&#8230;&#8230;\u2019 ya b\u0131rak\u0131lacakt\u0131r.<\/p>\n\n\n\n<p>Taraflar\u0131n evlilik birli\u011fi i\u00e7erisinde elbirli\u011fi ile edinilmi\u015f ba\u015fkaca malvarl\u0131\u011f\u0131 bulunmamaktad\u0131r. Nitekim taraflar bo\u015fanman\u0131n ger\u00e7ekle\u015fmesinden sonra gayrimenkul ve menkul mallar\u0131n payla\u015f\u0131m\u0131 konusunda sonradan herhangi bir hak talebinde bulunmayacaklar\u0131n\u0131 kabul ve taahh\u00fct etmi\u015flerdir.<\/p>\n\n\n\n<p>Yukar\u0131da saym\u0131\u015f oldu\u011fumuz sebepler \u00e7er\u00e7evesinde evlilik birli\u011finin devam etmesi&nbsp; m\u00fcmk\u00fcn olmad\u0131\u011f\u0131ndan ve evlilik hayat\u0131 taraflar\u0131 katlan\u0131lamaz bir hale getirmi\u015f oldu\u011fundan dolay\u0131 ekte sunulan protokol gere\u011fince taraflar\u0131n bo\u015fanmalar\u0131na karar verilmesi i\u00e7in say\u0131n mahkemeye m\u00fcracaat zarureti has\u0131l olmu\u015ftur.&nbsp;<\/p>\n\n\n\n<p><strong>HUKUK\u0130<\/strong> <strong>NEDENLER<\/strong>:\u00a0TMK, HMK ve sair mevzuat.<\/p>\n\n\n\n<p><strong>HUKUK\u0130<\/strong> <strong>DELLLER<\/strong>\u00a0 \u00a0:\u00a0Bo\u015fanma hususunda protokol, n\u00fcfus kay\u0131t suretleri, aile n\u00fcfus kay\u0131tlar\u0131 gerekti\u011finde tan\u0131k anlat\u0131mlar\u0131, Tapu Kay\u0131tlar\u0131, Banka Kay\u0131tlar\u0131, SGK Bilgileri vs. her t\u00fcrl\u00fc yasal deliller.<\/p>\n\n\n\n<p><strong>SONU\u00c7<\/strong> <strong>VE<\/strong> <strong>\u0130STEM<\/strong> :\u00a0<\/p>\n\n\n\n<p>Yukar\u0131daki arz edilen ve mahkemenizce resen g\u00f6z \u00f6n\u00fcnde bulundurulacak nedenlerle;<\/p>\n\n\n\n<p>Davan\u0131n kabul\u00fc ile taraflar\u0131n&nbsp; protokol gere\u011fince bo\u015fanmalar\u0131na,<\/p>\n\n\n\n<p>Evlilik birli\u011finde edinilmi\u015f mallar\u0131n payla\u015f\u0131m\u0131n\u0131n ekte sundu\u011fumuz protokole g\u00f6re d\u00fczenlenmesine ve bu protokol\u00fcn bo\u015fanma karar\u0131n\u0131n eki olarak say\u0131lmas\u0131na karar verilmesini, karar verilmesini sayg\u0131lar\u0131m\u0131zla vekaleten arz ve talep ederiz. ..\/..\/&#8230;.<\/p>\n\n\n\n<p class=\"has-text-align-right\">&nbsp;&nbsp;&nbsp;&nbsp;&nbsp;&nbsp;&nbsp;&nbsp;&nbsp;&nbsp;&nbsp;&nbsp;&nbsp;&nbsp;&nbsp;&nbsp;&nbsp;&nbsp;&nbsp;&nbsp;&nbsp;&nbsp;&nbsp;&nbsp;&nbsp;&nbsp;&nbsp;&nbsp;&nbsp;&nbsp;&nbsp;&nbsp;&nbsp;&nbsp;&nbsp;&nbsp;&nbsp;&nbsp;&nbsp;&nbsp;&nbsp;&nbsp;&nbsp;&nbsp;&nbsp;&nbsp;&nbsp;&nbsp;&nbsp;&nbsp;&nbsp;&nbsp;&nbsp;&nbsp;&nbsp;&nbsp;&nbsp;&nbsp;&nbsp;&nbsp;&nbsp;&nbsp;&nbsp;&nbsp;&nbsp;&nbsp;&nbsp;&nbsp;&nbsp;&nbsp;&nbsp;&nbsp;&nbsp;&nbsp;&nbsp;&nbsp;Davac\u0131 Vekili<\/p>\n\n\n\n<p class=\"has-text-align-right\">&nbsp;&nbsp;&nbsp;&nbsp;&nbsp;&nbsp;&nbsp;&nbsp;&nbsp;&nbsp;&nbsp;&nbsp;&nbsp;&nbsp;&nbsp;&nbsp;&nbsp;&nbsp;&nbsp;&nbsp;&nbsp;&nbsp;&nbsp;&nbsp;&nbsp;&nbsp;&nbsp;&nbsp;&nbsp;&nbsp;&nbsp;&nbsp;&nbsp;&nbsp;&nbsp;&nbsp;&nbsp;&nbsp;&nbsp;&nbsp;&nbsp;&nbsp;&nbsp;&nbsp;&nbsp;&nbsp;&nbsp;&nbsp;&nbsp;&nbsp;&nbsp;&nbsp;&nbsp;&nbsp;&nbsp;&nbsp;&nbsp;&nbsp;&nbsp;&nbsp;&nbsp; &nbsp; &nbsp; &nbsp; Av. Zeynep B\u00fc\u015fra B\u0130LG\u0130N<\/p>\n\n\n\n<p>EKLER:<\/p>\n\n\n\n<p>Taraflar aras\u0131nda imzalanan anla\u015fmal\u0131 bo\u015fanma protokol\u00fc<\/p>\n\n\n\n<p>Taraflara ait aile kay\u0131t \u00f6rne\u011fi<\/p>\n\n\n\n<p>Vekaletname \u00d6rne\u011fi<\/p>\n","protected":false},"excerpt":{"rendered":"<p>&#8230;&#8230;&#8230;&#8230;&#8230;&#8230;&#8230;. N\u00d6BET\u00c7\u0130 A\u0130LE MAHKEMES\u0130NE DAVACI : &#8230;&#8230;&#8230;&#8230;&#8230;&#8230;&#8230;.(T.C. ) Adres : &#8230;&#8230;&#8230;&#8230;&#8230;&#8230;&#8230;&#8230;&#8230;&#8230;&#8230;&#8230;&#8230;&#8230;&#8230;&#8230;&#8230;.. VEK\u0130L\u0130 : Av. Zeynep B\u00fc\u015fra B\u0130LG\u0130N &nbsp; &nbsp; &nbsp; &nbsp; &nbsp; &nbsp; &nbsp; &nbsp; &nbsp; &nbsp; &nbsp; &nbsp; GMK Bulvar\u0131 No:95\/4 Maltepe\/\u00c7ankaya\/ANKARA DAVALI : &#8230;&#8230;&#8230;&#8230;&#8230;. ( T.C. ) Adres : &#8230;&#8230;&#8230;&#8230;&#8230;&#8230; KONU\u00a0 : Evlilik Birli\u011finin Temelinden Sars\u0131lmas\u0131 Nedeniyle Anla\u015fmal\u0131 Bo\u015fanma Talebimizdir. A\u00c7IKLAMALAR : 1)&nbsp;M\u00fcvekkil [&hellip;]<\/p>\n","protected":false},"author":1,"featured_media":0,"parent":26,"menu_order":0,"comment_status":"closed","ping_status":"closed","template":"","meta":{"footnotes":""},"class_list":["post-45","page","type-page","status-publish","hentry"],"_links":{"self":[{"href":"http:\/\/www.zeynepbusrabilgin.av.tr\/index.php?rest_route=\/wp\/v2\/pages\/45","targetHints":{"allow":["GET"]}}],"collection":[{"href":"http:\/\/www.zeynepbusrabilgin.av.tr\/index.php?rest_route=\/wp\/v2\/pages"}],"about":[{"href":"http:\/\/www.zeynepbusrabilgin.av.tr\/index.php?rest_route=\/wp\/v2\/types\/page"}],"author":[{"embeddable":true,"href":"http:\/\/www.zeynepbusrabilgin.av.tr\/index.php?rest_route=\/wp\/v2\/users\/1"}],"replies":[{"embeddable":true,"href":"http:\/\/www.zeynepbusrabilgin.av.tr\/index.php?rest_route=%2Fwp%2Fv2%2Fcomments&post=45"}],"version-history":[{"count":2,"href":"http:\/\/www.zeynepbusrabilgin.av.tr\/index.php?rest_route=\/wp\/v2\/pages\/45\/revisions"}],"predecessor-version":[{"id":50,"href":"http:\/\/www.zeynepbusrabilgin.av.tr\/index.php?rest_route=\/wp\/v2\/pages\/45\/revisions\/50"}],"up":[{"embeddable":true,"href":"http:\/\/www.zeynepbusrabilgin.av.tr\/index.php?rest_route=\/wp\/v2\/pages\/26"}],"wp:attachment":[{"href":"http:\/\/www.zeynepbusrabilgin.av.tr\/index.php?rest_route=%2Fwp%2Fv2%2Fmedia&parent=45"}],"curies":[{"name":"wp","href":"https:\/\/api.w.org\/{rel}","templated":true}]}}